{"id":533,"date":"2024-01-17T21:20:09","date_gmt":"2024-01-17T19:20:09","guid":{"rendered":"https:\/\/demo.artureanec.com\/themes\/neuros\/?page_id=533"},"modified":"2024-01-17T21:20:09","modified_gmt":"2024-01-17T19:20:09","slug":"blog-classic","status":"publish","type":"page","link":"https:\/\/mercantil.com.do\/mercantil\/blog-classic\/","title":{"rendered":"Blog Classic"},"content":{"rendered":"\t\t<div data-elementor-type=\"wp-page\" data-elementor-id=\"533\" class=\"elementor elementor-533\" data-elementor-post-type=\"page\">\n\t\t\t\t\t\t<section class=\"elementor-section elementor-top-section elementor-element elementor-element-5d02c5f elementor-section-boxed elementor-section-height-default elementor-section-height-default\" data-id=\"5d02c5f\" data-element_type=\"section\">\n\t\t\t\t\t\t<div class=\"elementor-container elementor-column-gap-default\">\n\t\t\t\t\t<div class=\"elementor-column elementor-col-100 elementor-top-column elementor-element elementor-element-20157d0\" data-id=\"20157d0\" data-element_type=\"column\">\n\t\t\t<div class=\"elementor-widget-wrap elementor-element-populated\">\n\t\t\t\t\t\t<div class=\"elementor-element elementor-element-40538fd listing-pagination-border-style-gradient listing-pagination-background-style-solid elementor-widget elementor-widget-neuros_blog_listing\" data-id=\"40538fd\" data-element_type=\"widget\" data-widget_type=\"neuros_blog_listing.default\">\n\t\t\t\t<div class=\"elementor-widget-container\">\n\t\t\t\n        <div class=\"archive-listing\" data-ajax='{&quot;post_type&quot;:&quot;post&quot;,&quot;posts_per_page&quot;:4,&quot;orderby&quot;:&quot;date&quot;,&quot;order&quot;:&quot;desc&quot;,&quot;paged&quot;:1,&quot;category_name&quot;:&quot;&quot;,&quot;tag&quot;:&quot;&quot;,&quot;post__in&quot;:&quot;&quot;,&quot;ignore_sticky_posts&quot;:false,&quot;link_base&quot;:&quot;https:\\\/\\\/mercantil.com.do\\\/mercantil\\\/wp-json\\\/wp\\\/v2\\\/pages\\\/533&quot;}' data-widget='{&quot;listing_type&quot;:&quot;classic&quot;,&quot;excerpt_length&quot;:218,&quot;show_cat&quot;:&quot;yes&quot;,&quot;show_media&quot;:&quot;yes&quot;,&quot;show_author&quot;:&quot;yes&quot;,&quot;show_date&quot;:&quot;yes&quot;,&quot;show_title&quot;:&quot;yes&quot;,&quot;show_tags&quot;:&quot;no&quot;,&quot;show_excerpt&quot;:&quot;yes&quot;,&quot;show_read_more&quot;:&quot;&quot;,&quot;read_more_text&quot;:&quot;Read More&quot;,&quot;columns_number&quot;:1,&quot;show_pagination&quot;:&quot;yes&quot;,&quot;item_class&quot;:&quot;post standard-blog-item-wrapper&quot;}'>\n            <div class=\"archive-listing-wrapper classic-listing\">\n                \r\n<div class=\"standard-blog-item-wrapper post post-11822 type-post status-publish format-standard hentry category-uncategorized\">\r\n    <div class=\"blog-item\">\r\n        <div class=\"post-meta-header\"><div class=\"post-meta-items-wrapper\"><div class=\"post-meta-items\"><div class=\"post-meta-item post-meta-item-date\"><a href=\"https:\/\/mercantil.com.do\/mercantil\/2024\/07\/12\/\">julio 12, 2024<\/a><\/div><div class=\"post-meta-item post-meta-item-author\"><a href=\"https:\/\/mercantil.com.do\/mercantil\/author\/admin\/\">admin<\/a><\/div><\/div><\/div><\/div><h3 class=\"post-title\"><a href=\"https:\/\/mercantil.com.do\/mercantil\/la-importancia-de-la-claridad-regulatoria-en-el-ecosistema-web3la-importancia-de-la-claridad-regulatoria-en-el-ecosistema-web3\/\">La Importancia de la Claridad Regulatoria en el Ecosistema Web3La Importancia de la Claridad Regulatoria en el Ecosistema Web3<\/a><\/h3><div class=\"post-content\">Introducci\u00f3n Web3, la nueva era de internet descentralizada, se encuentra en un punto de inflexi\u00f3n cr\u00edtico. Esta etapa de madurez se presenta con una promesa clara: empoderar a todas las personas a trav\u00e9s de tecnol<\/div><div class=\"post-labels\"><div class=\"post-categories\"><a class=\"post-category-item\" href=\"https:\/\/mercantil.com.do\/mercantil\/category\/uncategorized\/\">Uncategorized<\/a><\/div><\/div>    <\/div>\r\n<\/div>\r\n<div class=\"standard-blog-item-wrapper post post-863 type-post status-publish format-standard has-post-thumbnail hentry category-ai category-business tag-ai tag-chat-gpt tag-neural\">\r\n    <div class=\"blog-item\">\r\n        <div class=\"post-media-wrapper\"><a href=\"https:\/\/mercantil.com.do\/mercantil\/how-can-i-get-started-with-artificial-intelligence-for-my-business\/\"><picture><source media=\"(max-width: 575px)\" sizes=\"(max-width: 575px) 575px\" srcset=\"https:\/\/mercantil.com.do\/mercantil\/wp-content\/uploads\/2024\/01\/maxim-tolchinskiy-v3z79Wzs9kA-unsplash-1-575x274.jpg 575w\"><source media=\"(max-width: 991px)\" sizes=\"(max-width: 991px) 991px\" srcset=\"https:\/\/mercantil.com.do\/mercantil\/wp-content\/uploads\/2024\/01\/maxim-tolchinskiy-v3z79Wzs9kA-unsplash-1-991x472.jpg 991w\"><img decoding=\"async\" alt=\"maxim-tolchinskiy-v3z79Wzs9kA-unsplash 1\" title=\"maxim-tolchinskiy-v3z79Wzs9kA-unsplash 1\" src=\"https:\/\/mercantil.com.do\/mercantil\/wp-content\/uploads\/2024\/01\/maxim-tolchinskiy-v3z79Wzs9kA-unsplash-1-1340x638.jpg\" class=\"attachment-post-thumbnail size-post-thumbnail wp-post-image\" \/><\/picture><\/a><\/div><div class=\"post-meta-header\"><div class=\"post-meta-items-wrapper\"><div class=\"post-meta-items\"><div class=\"post-meta-item post-meta-item-date\"><a href=\"https:\/\/mercantil.com.do\/mercantil\/2024\/02\/19\/\">febrero 19, 2024<\/a><\/div><div class=\"post-meta-item post-meta-item-author\"><a href=\"https:\/\/mercantil.com.do\/mercantil\/author\/admin\/\">admin<\/a><\/div><\/div><\/div><\/div><h3 class=\"post-title\"><a href=\"https:\/\/mercantil.com.do\/mercantil\/how-can-i-get-started-with-artificial-intelligence-for-my-business\/\">\u00bfC\u00f3mo puedo comenzar con la inteligencia artificial para mi negocio?<\/a><\/h3><div class=\"post-content\">Soluciones expertamente dise\u00f1adas a medida de tus necesidades \u00fanicas.<\/div><div class=\"post-labels\"><div class=\"post-categories\"><a class=\"post-category-item\" href=\"https:\/\/mercantil.com.do\/mercantil\/category\/ai\/\">AI<\/a><a class=\"post-category-item\" href=\"https:\/\/mercantil.com.do\/mercantil\/category\/business\/\">Business<\/a><\/div><\/div>    <\/div>\r\n<\/div>\r\n<div class=\"standard-blog-item-wrapper post post-859 type-post status-publish format-standard has-post-thumbnail hentry category-ai category-neural-networks tag-ai tag-chat-gpt tag-neural\">\r\n    <div class=\"blog-item\">\r\n        <div class=\"post-media-wrapper\"><a href=\"https:\/\/mercantil.com.do\/mercantil\/the-future-of-ai-emerging-trends-and-technologies-to-watch\/\"><picture><source media=\"(max-width: 575px)\" sizes=\"(max-width: 575px) 575px\" srcset=\"https:\/\/mercantil.com.do\/mercantil\/wp-content\/uploads\/2024\/01\/shubham-dhage-gLocUUIHnC8-unsplash-2-575x274.jpg 575w\"><source media=\"(max-width: 991px)\" sizes=\"(max-width: 991px) 991px\" srcset=\"https:\/\/mercantil.com.do\/mercantil\/wp-content\/uploads\/2024\/01\/shubham-dhage-gLocUUIHnC8-unsplash-2-991x472.jpg 991w\"><img decoding=\"async\" alt=\"shubham-dhage-gLocUUIHnC8-unsplash 2\" title=\"shubham-dhage-gLocUUIHnC8-unsplash 2\" src=\"https:\/\/mercantil.com.do\/mercantil\/wp-content\/uploads\/2024\/01\/shubham-dhage-gLocUUIHnC8-unsplash-2-1340x638.jpg\" class=\"attachment-post-thumbnail size-post-thumbnail wp-post-image\" \/><\/picture><\/a><\/div><div class=\"post-meta-header\"><div class=\"post-meta-items-wrapper\"><div class=\"post-meta-items\"><div class=\"post-meta-item post-meta-item-date\"><a href=\"https:\/\/mercantil.com.do\/mercantil\/2024\/02\/19\/\">febrero 19, 2024<\/a><\/div><div class=\"post-meta-item post-meta-item-author\"><a href=\"https:\/\/mercantil.com.do\/mercantil\/author\/admin\/\">admin<\/a><\/div><\/div><\/div><\/div><h3 class=\"post-title\"><a href=\"https:\/\/mercantil.com.do\/mercantil\/the-future-of-ai-emerging-trends-and-technologies-to-watch\/\">Transformando el Sector Fintech: Implementaciones DeFi para una Nueva Era Financiera<\/a><\/h3><div class=\"post-content\">Transformando el Sector Fintech: Implementaciones DeFi para una Nueva Era Financiera\n\nEn el din\u00e1mico y competitivo mundo de las fintech, la innovaci\u00f3n es clave para mantenerse a la vanguardia. Una de las tecnolog\u00edas<\/div><div class=\"post-labels\"><div class=\"post-categories\"><a class=\"post-category-item\" href=\"https:\/\/mercantil.com.do\/mercantil\/category\/ai\/\">AI<\/a><a class=\"post-category-item\" href=\"https:\/\/mercantil.com.do\/mercantil\/category\/neural-networks\/\">Neural Networks<\/a><\/div><\/div>    <\/div>\r\n<\/div>\r\n<div class=\"standard-blog-item-wrapper post post-856 type-post status-publish format-standard has-post-thumbnail hentry category-business category-technology tag-ai tag-chat-gpt tag-neural\">\r\n    <div class=\"blog-item\">\r\n        <div class=\"post-media-wrapper\"><a href=\"https:\/\/mercantil.com.do\/mercantil\/exploring-deep-learning-unleashing-the-power-of-neural-networks\/\"><picture><source media=\"(max-width: 575px)\" sizes=\"(max-width: 575px) 575px\" srcset=\"https:\/\/mercantil.com.do\/mercantil\/wp-content\/uploads\/2024\/01\/Ooze-5-3-575x274.jpg 575w\"><source media=\"(max-width: 991px)\" sizes=\"(max-width: 991px) 991px\" srcset=\"https:\/\/mercantil.com.do\/mercantil\/wp-content\/uploads\/2024\/01\/Ooze-5-3-991x472.jpg 991w\"><img decoding=\"async\" alt=\"Ooze (5) 3\" title=\"Ooze (5) 3\" src=\"https:\/\/mercantil.com.do\/mercantil\/wp-content\/uploads\/2024\/01\/Ooze-5-3-1340x638.jpg\" class=\"attachment-post-thumbnail size-post-thumbnail wp-post-image\" \/><\/picture><\/a><\/div><div class=\"post-meta-header\"><div class=\"post-meta-items-wrapper\"><div class=\"post-meta-items\"><div class=\"post-meta-item post-meta-item-date\"><a href=\"https:\/\/mercantil.com.do\/mercantil\/2024\/01\/19\/\">enero 19, 2024<\/a><\/div><div class=\"post-meta-item post-meta-item-author\"><a href=\"https:\/\/mercantil.com.do\/mercantil\/author\/admin\/\">admin<\/a><\/div><\/div><\/div><\/div><h3 class=\"post-title\"><a href=\"https:\/\/mercantil.com.do\/mercantil\/exploring-deep-learning-unleashing-the-power-of-neural-networks\/\">Servicios de Pr\u00e9stamos por Descuento de N\u00f3mina<\/a><\/h3><div class=\"post-content\">Servicios de Pr\u00e9stamos por Descuento de N\u00f3mina para Empleados de Samsung, Amazon, MLB y Alorica En Mercantil, entendemos que los empleados de grandes corporaciones como Samsung, Amazon, MLB y Alorica buscan solucione<\/div><div class=\"post-labels\"><div class=\"post-categories\"><a class=\"post-category-item\" href=\"https:\/\/mercantil.com.do\/mercantil\/category\/business\/\">Business<\/a><a class=\"post-category-item\" href=\"https:\/\/mercantil.com.do\/mercantil\/category\/technology\/\">Technology<\/a><\/div><\/div>    <\/div>\r\n<\/div>            <\/div>\n\n            <div class=\"content-pagination\"><nav class=\"navigation pagination\" role=\"navigation\"><h2 class=\"screen-reader-text\">Pagination<\/h2><div class=\"nav-links\"><span aria-current=\"page\" class=\"page-numbers current\"><span class=\"button-inner\"><\/span>1<\/span>\n<a class=\"page-numbers\" href=\"https:\/\/mercantil.com.do\/mercantil\/wp-json\/wp\/v2\/pages\/533\/?40538fd-paged=2\"><span class=\"button-inner\"><\/span>2<\/a>\n<a class=\"next page-numbers\" href=\"https:\/\/mercantil.com.do\/mercantil\/wp-json\/wp\/v2\/pages\/533\/?40538fd-paged=2\">Next<span class=\"button-inner\"><\/span><span class=\"icon-button-arrow left\"><\/span><span class=\"icon-button-arrow right\"><\/span><\/a><\/div><\/nav><\/div>        <\/div>\n        \t\t<\/div>\n\t\t\t\t<\/div>\n\t\t\t\t\t<\/div>\n\t\t<\/div>\n\t\t\t\t\t<\/div>\n\t\t<\/section>\n\t\t\t\t<\/div>\n\t\t","protected":false},"excerpt":{"rendered":"","protected":false},"author":1,"featured_media":0,"parent":0,"menu_order":0,"comment_status":"closed","ping_status":"closed","template":"","meta":{"_siteseo_robots_primary_cat":"","footnotes":""},"class_list":["post-533","page","type-page","status-publish","hentry"],"_links":{"self":[{"href":"https:\/\/mercantil.com.do\/mercantil\/wp-json\/wp\/v2\/pages\/533","targetHints":{"allow":["GET"]}}],"collection":[{"href":"https:\/\/mercantil.com.do\/mercantil\/wp-json\/wp\/v2\/pages"}],"about":[{"href":"https:\/\/mercantil.com.do\/mercantil\/wp-json\/wp\/v2\/types\/page"}],"author":[{"embeddable":true,"href":"https:\/\/mercantil.com.do\/mercantil\/wp-json\/wp\/v2\/users\/1"}],"replies":[{"embeddable":true,"href":"https:\/\/mercantil.com.do\/mercantil\/wp-json\/wp\/v2\/comments?post=533"}],"version-history":[{"count":0,"href":"https:\/\/mercantil.com.do\/mercantil\/wp-json\/wp\/v2\/pages\/533\/revisions"}],"wp:attachment":[{"href":"https:\/\/mercantil.com.do\/mercantil\/wp-json\/wp\/v2\/media?parent=533"}],"curies":[{"name":"wp","href":"https:\/\/api.w.org\/{rel}","templated":true}]}}